{"id":533,"date":"2024-08-17T14:59:00","date_gmt":"2024-08-17T12:59:00","guid":{"rendered":"https:\/\/hotelandfoodlover.com\/?page_id=533"},"modified":"2025-03-11T15:40:53","modified_gmt":"2025-03-11T14:40:53","slug":"about-me","status":"publish","type":"page","link":"https:\/\/hotelandfoodlover.com\/en\/about-me\/","title":{"rendered":"about me"},"content":{"rendered":"<style>.kb-row-layout-wrap.wp-block-kadence-rowlayout.kb-row-layout-id533_14b4da-e4{margin-top:0px;margin-bottom:0px;}.kb-row-layout-id533_14b4da-e4 > .kt-row-column-wrap{align-content:start;}:where(.kb-row-layout-id533_14b4da-e4 > .kt-row-column-wrap) > .wp-block-kadence-column{justify-content:start;}.kb-row-layout-id533_14b4da-e4 > .kt-row-column-wrap{column-gap:var(--global-kb-gap-md, 2rem);row-gap:var(--global-kb-gap-md, 2rem);max-width:var( --global-content-width, 1400px );padding-left:var(--global-content-edge-padding);padding-right:var(--global-content-edge-padding);padding-top:0px;padding-bottom:90px;grid-template-columns:minmax(0, calc(55% - ((var(--global-kb-gap-md, 2rem) * 1 )\/2)))minmax(0, calc(45% - ((var(--global-kb-gap-md, 2rem) * 1 )\/2)));}.kb-row-layout-id533_14b4da-e4 > .kt-row-layout-overlay{opacity:0.30;}@media all and (max-width: 1024px){.kb-row-layout-id533_14b4da-e4 > .kt-row-column-wrap{padding-top:40px;padding-right:40px;padding-bottom:40px;padding-left:40px;grid-template-columns:minmax(0, 2fr) minmax(0, 1fr);}}@media all and (max-width: 767px){.kb-row-layout-id533_14b4da-e4 > .kt-row-column-wrap{padding-top:30px;padding-right:20px;padding-bottom:30px;padding-left:20px;grid-template-columns:minmax(0, 1fr);}}<\/style><div class=\"kb-row-layout-wrap kb-row-layout-id533_14b4da-e4 alignnone wp-block-kadence-rowlayout\"><div class=\"kt-row-column-wrap kt-has-2-columns kt-row-layout-left-golden kt-tab-layout-inherit kt-mobile-layout-row kt-row-valign-top kb-theme-content-width\">\n<style>.kadence-column533_943342-3e > .kt-inside-inner-col{padding-top:50px;padding-right:0px;padding-bottom:0px;padding-left:0px;}.kadence-column533_943342-3e > .kt-inside-inner-col,.kadence-column533_943342-3e > .kt-inside-inner-col:before{border-top-left-radius:0px;border-top-right-radius:0px;border-bottom-right-radius:0px;border-bottom-left-radius:0px;}.kadence-column533_943342-3e > .kt-inside-inner-col{column-gap:var(--global-kb-gap-sm, 1rem);}.kadence-column533_943342-3e > .kt-inside-inner-col{flex-direction:column;}.kadence-column533_943342-3e > .kt-inside-inner-col > .aligncenter{width:100%;}.kadence-column533_943342-3e > .kt-inside-inner-col:before{opacity:0.3;}.kadence-column533_943342-3e{position:relative;}@media all and (max-width: 1024px){.kadence-column533_943342-3e > .kt-inside-inner-col{flex-direction:column;justify-content:center;}}@media all and (max-width: 767px){.kadence-column533_943342-3e > .kt-inside-inner-col{flex-direction:column;justify-content:center;}}<\/style>\n<div class=\"wp-block-kadence-column kadence-column533_943342-3e kb-section-sm-dir-vertical\"><div class=\"kt-inside-inner-col\"><style>.wp-block-kadence-advancedheading.kt-adv-heading533_b42442-3a, .wp-block-kadence-advancedheading.kt-adv-heading533_b42442-3a[data-kb-block=\"kb-adv-heading533_b42442-3a\"]{padding-bottom:var(--global-kb-spacing-xs, 1rem);text-align:left;font-size:45px;line-height:1em;font-weight:700;font-style:normal;font-family:'Open Sans';}.wp-block-kadence-advancedheading.kt-adv-heading533_b42442-3a mark.kt-highlight, .wp-block-kadence-advancedheading.kt-adv-heading533_b42442-3a[data-kb-block=\"kb-adv-heading533_b42442-3a\"] mark.kt-highlight{font-style:normal;color:#f76a0c;-webkit-box-decoration-break:clone;box-decoration-break:clone;padding-top:0px;padding-right:0px;padding-bottom:0px;padding-left:0px;}.wp-block-kadence-advancedheading.kt-adv-heading533_b42442-3a img.kb-inline-image, .wp-block-kadence-advancedheading.kt-adv-heading533_b42442-3a[data-kb-block=\"kb-adv-heading533_b42442-3a\"] img.kb-inline-image{width:150px;vertical-align:baseline;}@media all and (max-width: 1024px){.wp-block-kadence-advancedheading.kt-adv-heading533_b42442-3a, .wp-block-kadence-advancedheading.kt-adv-heading533_b42442-3a[data-kb-block=\"kb-adv-heading533_b42442-3a\"]{font-size:27px;}}@media all and (max-width: 767px){.wp-block-kadence-advancedheading.kt-adv-heading533_b42442-3a, .wp-block-kadence-advancedheading.kt-adv-heading533_b42442-3a[data-kb-block=\"kb-adv-heading533_b42442-3a\"]{font-size:35px;}}<\/style>\n<h2 class=\"kt-adv-heading533_b42442-3a wp-block-kadence-advancedheading has-theme-palette-2-color has-text-color\" data-kb-block=\"kb-adv-heading533_b42442-3a\">Hi! Ich bin Sandra.<\/h2>\n\n\n<style>.wp-block-kadence-advancedheading.kt-adv-heading533_7e16cb-38, .wp-block-kadence-advancedheading.kt-adv-heading533_7e16cb-38[data-kb-block=\"kb-adv-heading533_7e16cb-38\"]{padding-right:265px;padding-left:0px;text-align:left;font-size:18px;line-height:1.5em;font-weight:400;font-style:normal;font-family:'Open Sans';}.wp-block-kadence-advancedheading.kt-adv-heading533_7e16cb-38 mark.kt-highlight, .wp-block-kadence-advancedheading.kt-adv-heading533_7e16cb-38[data-kb-block=\"kb-adv-heading533_7e16cb-38\"] mark.kt-highlight{font-style:normal;color:#f76a0c;-webkit-box-decoration-break:clone;box-decoration-break:clone;padding-top:0px;padding-right:0px;padding-bottom:0px;padding-left:0px;}.wp-block-kadence-advancedheading.kt-adv-heading533_7e16cb-38 img.kb-inline-image, .wp-block-kadence-advancedheading.kt-adv-heading533_7e16cb-38[data-kb-block=\"kb-adv-heading533_7e16cb-38\"] img.kb-inline-image{width:150px;vertical-align:baseline;}@media all and (max-width: 1024px){.wp-block-kadence-advancedheading.kt-adv-heading533_7e16cb-38, .wp-block-kadence-advancedheading.kt-adv-heading533_7e16cb-38[data-kb-block=\"kb-adv-heading533_7e16cb-38\"]{padding-right:0px;padding-bottom:0px;font-size:16px;}}<\/style>\n<p class=\"kt-adv-heading533_7e16cb-38 wp-block-kadence-advancedheading has-theme-palette-2-color has-text-color\" data-kb-block=\"kb-adv-heading533_7e16cb-38\"><strong>Willkommen auf dem &#8222;hotelandfoodlover&#8220; Blog! <\/strong><\/p>\n\n\n\n<p>Ich hei\u00dfe Sandra und bin eine leidenschaftliche Reisende und Hobbyk\u00f6chin. In diesem Blog m\u00f6chte ich mit dir meine Begeisterung f\u00fcr die Welt der Hotels, Restaurants und die Freude des Kochens teilen.<\/p>\n\n\n\n<p>Die Liebe zum Kochen und das Teilen von Mahlzeiten mit meiner Familie haben f\u00fcr mich eine besondere Bedeutung, besonders in herausfordernden Zeiten wie der Corona-Pandemie. Daher glaube ich fest daran, dass es nie zu sp\u00e4t ist, das Kochen zu erlernen und den Genuss nach Hause zu bringen.<\/p>\n\n\n\n<p>Mein Ziel ist es, dich mit auf eine Reise zu nehmen und dir magische Orte zu zeigen. Ich werde regelm\u00e4\u00dfig neue Hotels und Restaurants testen, um dir meine Erfahrungen und Empfehlungen mitzuteilen. Au\u00dferdem m\u00f6chte ich dich dazu motivieren, meine Rezepte auszuprobieren und deine eigenen kulinarischen Abenteuer zu erleben.<\/p>\n\n\n\n<p>Dein Feedback, deine Fragen und deine eigenen Erfahrungen sind mir sehr wichtig. Nutze daher gerne die Kommentarfunktion, um dich aktiv an den Diskussionen zu beteiligen, oder <a href=\"https:\/\/hotelandfoodlover.com\/kontakt\/\">schreibe mir eine Nachricht<\/a>.<\/p>\n\n\n\n<p>Bleibe auf dem Laufenden und folge mir auf <a href=\"https:\/\/www.instagram.com\/hotelandfoodlover\/\">Instagram @hotelandfoodlover<\/a> und <a href=\"http:\/\/Tiktok@hotelandfoodlover\">https:\/\/www.tiktok.com\/@hotelandfoodlover<\/a> um exklusive Einblicke, hinter den Kulissen und weitere spannende Inhalte zu erhalten.<\/p>\n\n\n\n<p>Ich hoffe, dass dir dieser Blog gef\u00e4llt und dir dabei hilft, neue Welten und Orte zu entdecken, deine Reiselust zu wecken und deine Leidenschaft f\u00fcr das Kochen zu entfachen. Teile mein Blog gerne mit deinen Freunden und deiner Familie, die ebenfalls an Hotels, Restaurants und Kochen interessiert sind.<\/p>\n\n\n\n<p>Auf viele genussvolle Abenteuer und inspirierende Entdeckungen!<\/p>\n\n\n\n<p>Herzlichst, Sandra von &#8222;hotelandfoodlover&#8220;<\/p>\n<\/div><\/div>\n\n\n<style>.kadence-column533_774264-04 > .kt-inside-inner-col,.kadence-column533_774264-04 > .kt-inside-inner-col:before{border-top-left-radius:0px;border-top-right-radius:0px;border-bottom-right-radius:0px;border-bottom-left-radius:0px;}.kadence-column533_774264-04 > .kt-inside-inner-col{column-gap:var(--global-kb-gap-sm, 1rem);}.kadence-column533_774264-04 > .kt-inside-inner-col{flex-direction:column;}.kadence-column533_774264-04 > .kt-inside-inner-col > .aligncenter{width:100%;}.kadence-column533_774264-04 > .kt-inside-inner-col:before{opacity:0.3;}.kadence-column533_774264-04{position:relative;}@media all and (max-width: 1024px){.kadence-column533_774264-04 > .kt-inside-inner-col{flex-direction:column;justify-content:center;}}@media all and (max-width: 767px){.kadence-column533_774264-04 > .kt-inside-inner-col{flex-direction:column;justify-content:center;}}<\/style>\n<div class=\"wp-block-kadence-column kadence-column533_774264-04\"><div class=\"kt-inside-inner-col\"><style>.kb-image533_1d85b6-e1 .kb-image-has-overlay:after{opacity:0.3;}<\/style>\n<figure class=\"wp-block-kadence-image kb-image533_1d85b6-e1 kb-image-is-ratio-size\"><div class=\"kb-is-ratio-image kb-image-ratio-square\"><img loading=\"lazy\" decoding=\"async\" width=\"632\" height=\"632\" src=\"https:\/\/hotelandfoodlover.com\/wp-content\/uploads\/2024\/08\/sandra-1.png\" alt=\"\" class=\"kb-img wp-image-662\" srcset=\"https:\/\/hotelandfoodlover.com\/wp-content\/uploads\/2024\/08\/sandra-1.png 632w, https:\/\/hotelandfoodlover.com\/wp-content\/uploads\/2024\/08\/sandra-1-350x350.png 350w, https:\/\/hotelandfoodlover.com\/wp-content\/uploads\/2024\/08\/sandra-1-12x12.png 12w, https:\/\/hotelandfoodlover.com\/wp-content\/uploads\/2024\/08\/sandra-1-600x600.png 600w\" sizes=\"auto, (max-width: 632px) 100vw, 632px\" \/><\/div><\/figure>\n<\/div><\/div>\n\n<\/div><\/div>","protected":false},"excerpt":{"rendered":"<p>Hi, I'm Sandra. Welcome to the \"hotelandfoodlover\" blog! My name is Sandra and I am a passionate traveller and amateur cook. In this blog I would like to share with you my enthusiasm for the world of hotels, restaurants and the joy of cooking. The love of cooking and sharing meals with my family has always been my favourite part of...<\/p>","protected":false},"author":3,"featured_media":0,"parent":0,"menu_order":0,"comment_status":"closed","ping_status":"closed","template":"","meta":{"_eb_attr":"","wprm-recipe-roundup-name":"","wprm-recipe-roundup-description":"","_kad_blocks_custom_css":"","_kad_blocks_head_custom_js":"","_kad_blocks_body_custom_js":"","_kad_blocks_footer_custom_js":"","_kad_post_transparent":"","_kad_post_title":"","_kad_post_layout":"","_kad_post_sidebar_id":"","_kad_post_content_style":"","_kad_post_vertical_padding":"","_kad_post_feature":"","_kad_post_feature_position":"","_kad_post_header":false,"_kad_post_footer":false,"_kad_post_classname":"","footnotes":""},"class_list":["post-533","page","type-page","status-publish","hentry"],"yoast_head":"<!-- This site is optimized with the Yoast SEO Premium plugin v26.0 (Yoast SEO v27.5) - https:\/\/yoast.com\/product\/yoast-seo-premium-wordpress\/ -->\n<title>Hotelandfoodlover Sandra Eigen: Magische Orte entdecken - hotelandfoodlover<\/title>\n<meta name=\"description\" content=\"Entdecke die Welt von hotelandfoodlover Sandra Eigen. Lass dich von den besten Hotels und Restaurants inspirieren.\" \/>\n<meta name=\"robots\" content=\"index, follow, max-snippet:-1, max-image-preview:large, max-video-preview:-1\" \/>\n<link rel=\"canonical\" href=\"https:\/\/hotelandfoodlover.com\/en\/about-me\/\" \/>\n<meta property=\"og:locale\" content=\"en_GB\" \/>\n<meta property=\"og:type\" content=\"article\" \/>\n<meta property=\"og:title\" content=\"\u00dcber mich\" \/>\n<meta property=\"og:description\" content=\"Entdecke die Welt von hotelandfoodlover Sandra Eigen. Lass dich von den besten Hotels und Restaurants inspirieren.\" \/>\n<meta property=\"og:url\" content=\"https:\/\/hotelandfoodlover.com\/en\/about-me\/\" \/>\n<meta property=\"og:site_name\" content=\"hotelandfoodlover\" \/>\n<meta property=\"article:modified_time\" content=\"2025-03-11T14:40:53+00:00\" \/>\n<meta property=\"og:image\" content=\"https:\/\/hotelandfoodlover.com\/wp-content\/uploads\/2024\/08\/sandra-1.png\" \/>\n\t<meta property=\"og:image:width\" content=\"632\" \/>\n\t<meta property=\"og:image:height\" content=\"632\" \/>\n\t<meta property=\"og:image:type\" content=\"image\/png\" \/>\n<meta name=\"twitter:card\" content=\"summary_large_image\" \/>\n<meta name=\"twitter:label1\" content=\"Estimated reading time\" \/>\n\t<meta name=\"twitter:data1\" content=\"2 minutes\" \/>\n<script type=\"application\/ld+json\" class=\"yoast-schema-graph\">{\"@context\":\"https:\\\/\\\/schema.org\",\"@graph\":[{\"@type\":\"WebPage\",\"@id\":\"https:\\\/\\\/hotelandfoodlover.com\\\/ueber-mich\\\/\",\"url\":\"https:\\\/\\\/hotelandfoodlover.com\\\/ueber-mich\\\/\",\"name\":\"Hotelandfoodlover Sandra Eigen: Magische Orte entdecken - hotelandfoodlover\",\"isPartOf\":{\"@id\":\"https:\\\/\\\/hotelandfoodlover.com\\\/#website\"},\"primaryImageOfPage\":{\"@id\":\"https:\\\/\\\/hotelandfoodlover.com\\\/ueber-mich\\\/#primaryimage\"},\"image\":{\"@id\":\"https:\\\/\\\/hotelandfoodlover.com\\\/ueber-mich\\\/#primaryimage\"},\"thumbnailUrl\":\"https:\\\/\\\/hotelandfoodlover.com\\\/wp-content\\\/uploads\\\/2024\\\/08\\\/sandra-1.png\",\"datePublished\":\"2024-08-17T12:59:00+00:00\",\"dateModified\":\"2025-03-11T14:40:53+00:00\",\"description\":\"Entdecke die Welt von hotelandfoodlover Sandra Eigen. Lass dich von den besten Hotels und Restaurants inspirieren.\",\"breadcrumb\":{\"@id\":\"https:\\\/\\\/hotelandfoodlover.com\\\/ueber-mich\\\/#breadcrumb\"},\"inLanguage\":\"en-GB\",\"potentialAction\":[{\"@type\":\"ReadAction\",\"target\":[\"https:\\\/\\\/hotelandfoodlover.com\\\/ueber-mich\\\/\"]}]},{\"@type\":\"ImageObject\",\"inLanguage\":\"en-GB\",\"@id\":\"https:\\\/\\\/hotelandfoodlover.com\\\/ueber-mich\\\/#primaryimage\",\"url\":\"https:\\\/\\\/hotelandfoodlover.com\\\/wp-content\\\/uploads\\\/2024\\\/08\\\/sandra-1.png\",\"contentUrl\":\"https:\\\/\\\/hotelandfoodlover.com\\\/wp-content\\\/uploads\\\/2024\\\/08\\\/sandra-1.png\"},{\"@type\":\"BreadcrumbList\",\"@id\":\"https:\\\/\\\/hotelandfoodlover.com\\\/ueber-mich\\\/#breadcrumb\",\"itemListElement\":[{\"@type\":\"ListItem\",\"position\":1,\"name\":\"Startseite\",\"item\":\"https:\\\/\\\/hotelandfoodlover.com\\\/\"},{\"@type\":\"ListItem\",\"position\":2,\"name\":\"\u00dcber mich\"}]},{\"@type\":\"WebSite\",\"@id\":\"https:\\\/\\\/hotelandfoodlover.com\\\/#website\",\"url\":\"https:\\\/\\\/hotelandfoodlover.com\\\/\",\"name\":\"hotelandfoodlover\",\"description\":\"\",\"publisher\":{\"@id\":\"https:\\\/\\\/hotelandfoodlover.com\\\/#\\\/schema\\\/person\\\/72f9eb28376af0b5db88fdc1c871a802\"},\"potentialAction\":[{\"@type\":\"SearchAction\",\"target\":{\"@type\":\"EntryPoint\",\"urlTemplate\":\"https:\\\/\\\/hotelandfoodlover.com\\\/?s={search_term_string}\"},\"query-input\":{\"@type\":\"PropertyValueSpecification\",\"valueRequired\":true,\"valueName\":\"search_term_string\"}}],\"inLanguage\":\"en-GB\"},{\"@type\":[\"Person\",\"Organization\"],\"@id\":\"https:\\\/\\\/hotelandfoodlover.com\\\/#\\\/schema\\\/person\\\/72f9eb28376af0b5db88fdc1c871a802\",\"name\":\"Sandra Eigen\",\"image\":{\"@type\":\"ImageObject\",\"inLanguage\":\"en-GB\",\"@id\":\"https:\\\/\\\/hotelandfoodlover.com\\\/wp-content\\\/uploads\\\/2024\\\/08\\\/logo.png\",\"url\":\"https:\\\/\\\/hotelandfoodlover.com\\\/wp-content\\\/uploads\\\/2024\\\/08\\\/logo.png\",\"contentUrl\":\"https:\\\/\\\/hotelandfoodlover.com\\\/wp-content\\\/uploads\\\/2024\\\/08\\\/logo.png\",\"width\":694,\"height\":494,\"caption\":\"Sandra Eigen\"},\"logo\":{\"@id\":\"https:\\\/\\\/hotelandfoodlover.com\\\/wp-content\\\/uploads\\\/2024\\\/08\\\/logo.png\"}}]}<\/script>\n<!-- \/ Yoast SEO Premium plugin. -->","yoast_head_json":{"title":"Hotelandfoodlover Sandra Eigen: Discover magical places - hotelandfoodlover","description":"Discover the world of hotelandfoodlover Sandra Eigen. Be inspired by the best hotels and restaurants.","robots":{"index":"index","follow":"follow","max-snippet":"max-snippet:-1","max-image-preview":"max-image-preview:large","max-video-preview":"max-video-preview:-1"},"canonical":"https:\/\/hotelandfoodlover.com\/en\/about-me\/","og_locale":"en_GB","og_type":"article","og_title":"\u00dcber mich","og_description":"Entdecke die Welt von hotelandfoodlover Sandra Eigen. Lass dich von den besten Hotels und Restaurants inspirieren.","og_url":"https:\/\/hotelandfoodlover.com\/en\/about-me\/","og_site_name":"hotelandfoodlover","article_modified_time":"2025-03-11T14:40:53+00:00","og_image":[{"width":632,"height":632,"url":"https:\/\/hotelandfoodlover.com\/wp-content\/uploads\/2024\/08\/sandra-1.png","type":"image\/png"}],"twitter_card":"summary_large_image","twitter_misc":{"Estimated reading time":"2 minutes"},"schema":{"@context":"https:\/\/schema.org","@graph":[{"@type":"WebPage","@id":"https:\/\/hotelandfoodlover.com\/ueber-mich\/","url":"https:\/\/hotelandfoodlover.com\/ueber-mich\/","name":"Hotelandfoodlover Sandra Eigen: Discover magical places - hotelandfoodlover","isPartOf":{"@id":"https:\/\/hotelandfoodlover.com\/#website"},"primaryImageOfPage":{"@id":"https:\/\/hotelandfoodlover.com\/ueber-mich\/#primaryimage"},"image":{"@id":"https:\/\/hotelandfoodlover.com\/ueber-mich\/#primaryimage"},"thumbnailUrl":"https:\/\/hotelandfoodlover.com\/wp-content\/uploads\/2024\/08\/sandra-1.png","datePublished":"2024-08-17T12:59:00+00:00","dateModified":"2025-03-11T14:40:53+00:00","description":"Discover the world of hotelandfoodlover Sandra Eigen. Be inspired by the best hotels and restaurants.","breadcrumb":{"@id":"https:\/\/hotelandfoodlover.com\/ueber-mich\/#breadcrumb"},"inLanguage":"en-GB","potentialAction":[{"@type":"ReadAction","target":["https:\/\/hotelandfoodlover.com\/ueber-mich\/"]}]},{"@type":"ImageObject","inLanguage":"en-GB","@id":"https:\/\/hotelandfoodlover.com\/ueber-mich\/#primaryimage","url":"https:\/\/hotelandfoodlover.com\/wp-content\/uploads\/2024\/08\/sandra-1.png","contentUrl":"https:\/\/hotelandfoodlover.com\/wp-content\/uploads\/2024\/08\/sandra-1.png"},{"@type":"BreadcrumbList","@id":"https:\/\/hotelandfoodlover.com\/ueber-mich\/#breadcrumb","itemListElement":[{"@type":"ListItem","position":1,"name":"Startseite","item":"https:\/\/hotelandfoodlover.com\/"},{"@type":"ListItem","position":2,"name":"\u00dcber mich"}]},{"@type":"WebSite","@id":"https:\/\/hotelandfoodlover.com\/#website","url":"https:\/\/hotelandfoodlover.com\/","name":"hotelandfoodlover","description":"","publisher":{"@id":"https:\/\/hotelandfoodlover.com\/#\/schema\/person\/72f9eb28376af0b5db88fdc1c871a802"},"potentialAction":[{"@type":"SearchAction","target":{"@type":"EntryPoint","urlTemplate":"https:\/\/hotelandfoodlover.com\/?s={search_term_string}"},"query-input":{"@type":"PropertyValueSpecification","valueRequired":true,"valueName":"search_term_string"}}],"inLanguage":"en-GB"},{"@type":["Person","Organization"],"@id":"https:\/\/hotelandfoodlover.com\/#\/schema\/person\/72f9eb28376af0b5db88fdc1c871a802","name":"Sandra Eigen","image":{"@type":"ImageObject","inLanguage":"en-GB","@id":"https:\/\/hotelandfoodlover.com\/wp-content\/uploads\/2024\/08\/logo.png","url":"https:\/\/hotelandfoodlover.com\/wp-content\/uploads\/2024\/08\/logo.png","contentUrl":"https:\/\/hotelandfoodlover.com\/wp-content\/uploads\/2024\/08\/logo.png","width":694,"height":494,"caption":"Sandra Eigen"},"logo":{"@id":"https:\/\/hotelandfoodlover.com\/wp-content\/uploads\/2024\/08\/logo.png"}}]}},"taxonomy_info":[],"featured_image_src_large":false,"author_info":{"display_name":"Sandra Eigen","author_link":"https:\/\/hotelandfoodlover.com\/en\/author\/sandra-eigen\/"},"comment_info":0,"_links":{"self":[{"href":"https:\/\/hotelandfoodlover.com\/en\/wp-json\/wp\/v2\/pages\/533","targetHints":{"allow":["GET"]}}],"collection":[{"href":"https:\/\/hotelandfoodlover.com\/en\/wp-json\/wp\/v2\/pages"}],"about":[{"href":"https:\/\/hotelandfoodlover.com\/en\/wp-json\/wp\/v2\/types\/page"}],"author":[{"embeddable":true,"href":"https:\/\/hotelandfoodlover.com\/en\/wp-json\/wp\/v2\/users\/3"}],"replies":[{"embeddable":true,"href":"https:\/\/hotelandfoodlover.com\/en\/wp-json\/wp\/v2\/comments?post=533"}],"version-history":[{"count":0,"href":"https:\/\/hotelandfoodlover.com\/en\/wp-json\/wp\/v2\/pages\/533\/revisions"}],"wp:attachment":[{"href":"https:\/\/hotelandfoodlover.com\/en\/wp-json\/wp\/v2\/media?parent=533"}],"curies":[{"name":"wp","href":"https:\/\/api.w.org\/{rel}","templated":true}]}}